{"id":155,"date":"2020-07-23T12:55:16","date_gmt":"2020-07-23T12:55:16","guid":{"rendered":"http:\/\/www.yasaryalcin.com.tr\/?page_id=155"},"modified":"2020-07-23T12:55:16","modified_gmt":"2020-07-23T12:55:16","slug":"hizmetlerimiz","status":"publish","type":"page","link":"http:\/\/www.yasaryalcin.com.tr\/?page_id=155","title":{"rendered":"Hizmetlerimiz"},"content":{"rendered":"\n<p>\u0130stasyonlar\u0131m\u0131z 24 saat a\u00e7\u0131k \u015fekilde \u00e7al\u0131\u015fmakta olup. Kur\u015funsuz benzin ve Motorin \u00fcr\u00fcnleri yan\u0131nda Petrol Ofisi madeni ya\u011flar\u0131 da sat\u0131lmaktad\u0131r. Ayr\u0131ca Bakacak istasyonumuzda LPG sat\u0131\u015f\u0131 da bulunmaktad\u0131r.<\/p>\n\n\n\n<figure class=\"wp-block-image size-large\"><img loading=\"lazy\" width=\"1024\" height=\"353\" src=\"http:\/\/www.yasaryalcin.com.tr\/wp-content\/uploads\/2020\/07\/12191282_927206027326538_250721263683711159_o-1024x353.jpg\" alt=\"\" class=\"wp-image-28\" srcset=\"http:\/\/www.yasaryalcin.com.tr\/wp-content\/uploads\/2020\/07\/12191282_927206027326538_250721263683711159_o-1024x353.jpg 1024w, http:\/\/www.yasaryalcin.com.tr\/wp-content\/uploads\/2020\/07\/12191282_927206027326538_250721263683711159_o-300x103.jpg 300w, http:\/\/www.yasaryalcin.com.tr\/wp-content\/uploads\/2020\/07\/12191282_927206027326538_250721263683711159_o-768x265.jpg 768w, http:\/\/www.yasaryalcin.com.tr\/wp-content\/uploads\/2020\/07\/12191282_927206027326538_250721263683711159_o-1536x530.jpg 1536w, http:\/\/www.yasaryalcin.com.tr\/wp-content\/uploads\/2020\/07\/12191282_927206027326538_250721263683711159_o-2048x706.jpg 2048w, http:\/\/www.yasaryalcin.com.tr\/wp-content\/uploads\/2020\/07\/12191282_927206027326538_250721263683711159_o-1200x414.jpg 1200w, http:\/\/www.yasaryalcin.com.tr\/wp-content\/uploads\/2020\/07\/12191282_927206027326538_250721263683711159_o-1980x683.jpg 1980w\" sizes=\"(max-width: 1024px) 100vw, 1024px\" \/><\/figure>\n","protected":false},"excerpt":{"rendered":"<p>\u0130stasyonlar\u0131m\u0131z 24 saat a\u00e7\u0131k \u015fekilde \u00e7al\u0131\u015fmakta olup. Kur\u015funsuz benzin ve Motorin \u00fcr\u00fcnleri yan\u0131nda Petrol Ofisi madeni ya\u011flar\u0131 da sat\u0131lmaktad\u0131r. Ayr\u0131ca Bakacak istasyonumuzda LPG sat\u0131\u015f\u0131 da bulunmaktad\u0131r.<\/p>\n","protected":false},"author":1,"featured_media":0,"parent":0,"menu_order":0,"comment_status":"closed","ping_status":"closed","template":"","meta":[],"_links":{"self":[{"href":"http:\/\/www.yasaryalcin.com.tr\/index.php?rest_route=\/wp\/v2\/pages\/155"}],"collection":[{"href":"http:\/\/www.yasaryalcin.com.tr\/index.php?rest_route=\/wp\/v2\/pages"}],"about":[{"href":"http:\/\/www.yasaryalcin.com.tr\/index.php?rest_route=\/wp\/v2\/types\/page"}],"author":[{"embeddable":true,"href":"http:\/\/www.yasaryalcin.com.tr\/index.php?rest_route=\/wp\/v2\/users\/1"}],"replies":[{"embeddable":true,"href":"http:\/\/www.yasaryalcin.com.tr\/index.php?rest_route=%2Fwp%2Fv2%2Fcomments&post=155"}],"version-history":[{"count":1,"href":"http:\/\/www.yasaryalcin.com.tr\/index.php?rest_route=\/wp\/v2\/pages\/155\/revisions"}],"predecessor-version":[{"id":156,"href":"http:\/\/www.yasaryalcin.com.tr\/index.php?rest_route=\/wp\/v2\/pages\/155\/revisions\/156"}],"wp:attachment":[{"href":"http:\/\/www.yasaryalcin.com.tr\/index.php?rest_route=%2Fwp%2Fv2%2Fmedia&parent=155"}],"curies":[{"name":"wp","href":"https:\/\/api.w.org\/{rel}","templated":true}]}}