{"id":8,"date":"2020-07-23T07:12:03","date_gmt":"2020-07-23T07:12:03","guid":{"rendered":"http:\/\/www.yasaryalcin.com.tr\/?page_id=8"},"modified":"2020-07-23T11:20:14","modified_gmt":"2020-07-23T11:20:14","slug":"bize-ulasin","status":"publish","type":"page","link":"http:\/\/www.yasaryalcin.com.tr\/?page_id=8","title":{"rendered":"Bize ula\u015f\u0131n"},"content":{"rendered":"\n<figure class=\"wp-block-image size-large is-style-rounded\"><img loading=\"lazy\" width=\"960\" height=\"720\" src=\"http:\/\/www.yasaryalcin.com.tr\/wp-content\/uploads\/2020\/07\/12193583_927206627326478_3661468233423991077_n.jpg\" alt=\"\" class=\"wp-image-122\" srcset=\"http:\/\/www.yasaryalcin.com.tr\/wp-content\/uploads\/2020\/07\/12193583_927206627326478_3661468233423991077_n.jpg 960w, http:\/\/www.yasaryalcin.com.tr\/wp-content\/uploads\/2020\/07\/12193583_927206627326478_3661468233423991077_n-300x225.jpg 300w, http:\/\/www.yasaryalcin.com.tr\/wp-content\/uploads\/2020\/07\/12193583_927206627326478_3661468233423991077_n-768x576.jpg 768w\" sizes=\"(max-width: 960px) 100vw, 960px\" \/><\/figure>\n\n\n\n<p>MERKEZ<\/p>\n\n\n\n<p>A\u015fa\u011f\u0131pazar mah. \u0130stiklal Cad. No:2 07800 Korkuteli Antalya T\u00fcrkiye <\/p>\n\n\n\n<p>Tlf: +90 242 643 6044<\/p>\n\n\n\n<p>Fax: +90 242 643 6466<\/p>\n\n\n\n<figure class=\"wp-block-image size-large is-style-rounded\"><img loading=\"lazy\" width=\"960\" height=\"960\" src=\"http:\/\/www.yasaryalcin.com.tr\/wp-content\/uploads\/2020\/07\/61411456_2220422111338250_625109181145284608_o-1.jpg\" alt=\"\" class=\"wp-image-121\" srcset=\"http:\/\/www.yasaryalcin.com.tr\/wp-content\/uploads\/2020\/07\/61411456_2220422111338250_625109181145284608_o-1.jpg 960w, http:\/\/www.yasaryalcin.com.tr\/wp-content\/uploads\/2020\/07\/61411456_2220422111338250_625109181145284608_o-1-300x300.jpg 300w, http:\/\/www.yasaryalcin.com.tr\/wp-content\/uploads\/2020\/07\/61411456_2220422111338250_625109181145284608_o-1-150x150.jpg 150w, http:\/\/www.yasaryalcin.com.tr\/wp-content\/uploads\/2020\/07\/61411456_2220422111338250_625109181145284608_o-1-768x768.jpg 768w\" sizes=\"(max-width: 960px) 100vw, 960px\" \/><\/figure>\n\n\n\n<p>\u015eUBE<\/p>\n\n\n\n<p>Bucak yolu 7. km &#8220;Bakacak Mevkii&#8221; Korkuteli Antalya T\u00fcrkiye <\/p>\n\n\n\n<p>+90 242 659 6280<\/p>\n","protected":false},"excerpt":{"rendered":"<p>MERKEZ A\u015fa\u011f\u0131pazar mah. \u0130stiklal Cad. No:2 07800 Korkuteli Antalya T\u00fcrkiye Tlf: +90 242 643 6044 Fax: +90 242 643 6466 \u015eUBE Bucak yolu 7. km &#8220;Bakacak Mevkii&#8221; Korkuteli Antalya T\u00fcrkiye +90 242 659 6280<\/p>\n","protected":false},"author":1,"featured_media":0,"parent":0,"menu_order":0,"comment_status":"closed","ping_status":"closed","template":"","meta":[],"_links":{"self":[{"href":"http:\/\/www.yasaryalcin.com.tr\/index.php?rest_route=\/wp\/v2\/pages\/8"}],"collection":[{"href":"http:\/\/www.yasaryalcin.com.tr\/index.php?rest_route=\/wp\/v2\/pages"}],"about":[{"href":"http:\/\/www.yasaryalcin.com.tr\/index.php?rest_route=\/wp\/v2\/types\/page"}],"author":[{"embeddable":true,"href":"http:\/\/www.yasaryalcin.com.tr\/index.php?rest_route=\/wp\/v2\/users\/1"}],"replies":[{"embeddable":true,"href":"http:\/\/www.yasaryalcin.com.tr\/index.php?rest_route=%2Fwp%2Fv2%2Fcomments&post=8"}],"version-history":[{"count":4,"href":"http:\/\/www.yasaryalcin.com.tr\/index.php?rest_route=\/wp\/v2\/pages\/8\/revisions"}],"predecessor-version":[{"id":123,"href":"http:\/\/www.yasaryalcin.com.tr\/index.php?rest_route=\/wp\/v2\/pages\/8\/revisions\/123"}],"wp:attachment":[{"href":"http:\/\/www.yasaryalcin.com.tr\/index.php?rest_route=%2Fwp%2Fv2%2Fmedia&parent=8"}],"curies":[{"name":"wp","href":"https:\/\/api.w.org\/{rel}","templated":true}]}}